{"id":479,"date":"2021-03-19T12:55:41","date_gmt":"2021-03-19T10:55:41","guid":{"rendered":"https:\/\/katmetal.ee\/%d0%b3%d0%bb%d0%b0%d0%b2%d0%bd%d0%b0%d1%8f\/"},"modified":"2025-04-17T15:30:07","modified_gmt":"2025-04-17T12:30:07","slug":"%d0%b3%d0%bb%d0%b0%d0%b2%d0%bd%d0%b0%d1%8f","status":"publish","type":"page","link":"https:\/\/katmetal.ee\/ru\/","title":{"rendered":"\u0413\u043b\u0430\u0432\u043d\u0430\u044f"},"content":{"rendered":"","protected":false},"excerpt":{"rendered":"","protected":false},"author":1,"featured_media":0,"parent":0,"menu_order":0,"comment_status":"closed","ping_status":"closed","template":"","meta":{"_acf_changed":false,"footnotes":""},"class_list":["post-479","page","type-page","status-publish","hentry"],"acf":[],"yoast_head":"<!-- This site is optimized with the Yoast SEO plugin v26.6 - https:\/\/yoast.com\/wordpress\/plugins\/seo\/ -->\n<title>\u0413\u043b\u0430\u0432\u043d\u0430\u044f - Kat-Metal<\/title>\n<meta name=\"robots\" content=\"index, follow, max-snippet:-1, max-image-preview:large, max-video-preview:-1\" \/>\n<link rel=\"canonical\" href=\"https:\/\/katmetal.ee\/ru\/\" \/>\n<meta property=\"og:locale\" content=\"ru_RU\" \/>\n<meta property=\"og:type\" content=\"article\" \/>\n<meta property=\"og:title\" content=\"\u0413\u043b\u0430\u0432\u043d\u0430\u044f - Kat-Metal\" \/>\n<meta property=\"og:url\" content=\"https:\/\/katmetal.ee\/ru\/\" \/>\n<meta property=\"og:site_name\" content=\"Kat-Metal\" \/>\n<meta property=\"article:modified_time\" content=\"2025-04-17T12:30:07+00:00\" \/>\n<meta name=\"twitter:card\" content=\"summary_large_image\" \/>\n<script type=\"application\/ld+json\" class=\"yoast-schema-graph\">{\"@context\":\"https:\/\/schema.org\",\"@graph\":[{\"@type\":\"WebPage\",\"@id\":\"https:\/\/katmetal.ee\/ru\/\",\"url\":\"https:\/\/katmetal.ee\/ru\/\",\"name\":\"\u0413\u043b\u0430\u0432\u043d\u0430\u044f - Kat-Metal\",\"isPartOf\":{\"@id\":\"https:\/\/katmetal.ee\/#website\"},\"datePublished\":\"2021-03-19T10:55:41+00:00\",\"dateModified\":\"2025-04-17T12:30:07+00:00\",\"breadcrumb\":{\"@id\":\"https:\/\/katmetal.ee\/ru\/#breadcrumb\"},\"inLanguage\":\"ru-RU\",\"potentialAction\":[{\"@type\":\"ReadAction\",\"target\":[\"https:\/\/katmetal.ee\/ru\/\"]}]},{\"@type\":\"BreadcrumbList\",\"@id\":\"https:\/\/katmetal.ee\/ru\/#breadcrumb\",\"itemListElement\":[{\"@type\":\"ListItem\",\"position\":1,\"name\":\"Home\",\"item\":\"https:\/\/katmetal.ee\/ru\/\"},{\"@type\":\"ListItem\",\"position\":2,\"name\":\"\u0413\u043b\u0430\u0432\u043d\u0430\u044f\"}]},{\"@type\":\"WebSite\",\"@id\":\"https:\/\/katmetal.ee\/#website\",\"url\":\"https:\/\/katmetal.ee\/\",\"name\":\"Kat-Metal\",\"description\":\"V\u00e4\u00e4rismetalle sisaldavate elektroonikaj\u00e4\u00e4tmete kokkuost ning t\u00f6\u00f6tlemine\",\"potentialAction\":[{\"@type\":\"SearchAction\",\"target\":{\"@type\":\"EntryPoint\",\"urlTemplate\":\"https:\/\/katmetal.ee\/?s={search_term_string}\"},\"query-input\":{\"@type\":\"PropertyValueSpecification\",\"valueRequired\":true,\"valueName\":\"search_term_string\"}}],\"inLanguage\":\"ru-RU\"}]}<\/script>\n<!-- \/ Yoast SEO plugin. -->","yoast_head_json":{"title":"\u0413\u043b\u0430\u0432\u043d\u0430\u044f - Kat-Metal","robots":{"index":"index","follow":"follow","max-snippet":"max-snippet:-1","max-image-preview":"max-image-preview:large","max-video-preview":"max-video-preview:-1"},"canonical":"https:\/\/katmetal.ee\/ru\/","og_locale":"ru_RU","og_type":"article","og_title":"\u0413\u043b\u0430\u0432\u043d\u0430\u044f - Kat-Metal","og_url":"https:\/\/katmetal.ee\/ru\/","og_site_name":"Kat-Metal","article_modified_time":"2025-04-17T12:30:07+00:00","twitter_card":"summary_large_image","schema":{"@context":"https:\/\/schema.org","@graph":[{"@type":"WebPage","@id":"https:\/\/katmetal.ee\/ru\/","url":"https:\/\/katmetal.ee\/ru\/","name":"\u0413\u043b\u0430\u0432\u043d\u0430\u044f - Kat-Metal","isPartOf":{"@id":"https:\/\/katmetal.ee\/#website"},"datePublished":"2021-03-19T10:55:41+00:00","dateModified":"2025-04-17T12:30:07+00:00","breadcrumb":{"@id":"https:\/\/katmetal.ee\/ru\/#breadcrumb"},"inLanguage":"ru-RU","potentialAction":[{"@type":"ReadAction","target":["https:\/\/katmetal.ee\/ru\/"]}]},{"@type":"BreadcrumbList","@id":"https:\/\/katmetal.ee\/ru\/#breadcrumb","itemListElement":[{"@type":"ListItem","position":1,"name":"Home","item":"https:\/\/katmetal.ee\/ru\/"},{"@type":"ListItem","position":2,"name":"\u0413\u043b\u0430\u0432\u043d\u0430\u044f"}]},{"@type":"WebSite","@id":"https:\/\/katmetal.ee\/#website","url":"https:\/\/katmetal.ee\/","name":"Kat-Metal","description":"V\u00e4\u00e4rismetalle sisaldavate elektroonikaj\u00e4\u00e4tmete kokkuost ning t\u00f6\u00f6tlemine","potentialAction":[{"@type":"SearchAction","target":{"@type":"EntryPoint","urlTemplate":"https:\/\/katmetal.ee\/?s={search_term_string}"},"query-input":{"@type":"PropertyValueSpecification","valueRequired":true,"valueName":"search_term_string"}}],"inLanguage":"ru-RU"}]}},"_links":{"self":[{"href":"https:\/\/katmetal.ee\/ru\/wp-json\/wp\/v2\/pages\/479","targetHints":{"allow":["GET"]}}],"collection":[{"href":"https:\/\/katmetal.ee\/ru\/wp-json\/wp\/v2\/pages"}],"about":[{"href":"https:\/\/katmetal.ee\/ru\/wp-json\/wp\/v2\/types\/page"}],"author":[{"embeddable":true,"href":"https:\/\/katmetal.ee\/ru\/wp-json\/wp\/v2\/users\/1"}],"replies":[{"embeddable":true,"href":"https:\/\/katmetal.ee\/ru\/wp-json\/wp\/v2\/comments?post=479"}],"version-history":[{"count":0,"href":"https:\/\/katmetal.ee\/ru\/wp-json\/wp\/v2\/pages\/479\/revisions"}],"wp:attachment":[{"href":"https:\/\/katmetal.ee\/ru\/wp-json\/wp\/v2\/media?parent=479"}],"curies":[{"name":"wp","href":"https:\/\/api.w.org\/{rel}","templated":true}]}}