{"id":528,"date":"2021-03-19T12:55:43","date_gmt":"2021-03-19T10:55:43","guid":{"rendered":"https:\/\/katmetal.ee\/%d0%be-%d0%bf%d1%80%d0%b5%d0%b4%d0%bf%d1%80%d0%b8%d1%8f%d1%82%d0%b8%d0%b8\/"},"modified":"2025-05-28T15:30:52","modified_gmt":"2025-05-28T12:30:52","slug":"%d0%be-%d0%bf%d1%80%d0%b5%d0%b4%d0%bf%d1%80%d0%b8%d1%8f%d1%82%d0%b8%d0%b8","status":"publish","type":"page","link":"https:\/\/katmetal.ee\/ru\/%d0%be-%d0%bf%d1%80%d0%b5%d0%b4%d0%bf%d1%80%d0%b8%d1%8f%d1%82%d0%b8%d0%b8\/","title":{"rendered":"\u041e \u043f\u0440\u0435\u0434\u043f\u0440\u0438\u044f\u0442\u0438\u0438"},"content":{"rendered":"","protected":false},"excerpt":{"rendered":"","protected":false},"author":1,"featured_media":0,"parent":0,"menu_order":10,"comment_status":"closed","ping_status":"closed","template":"","meta":{"_acf_changed":false,"footnotes":""},"class_list":["post-528","page","type-page","status-publish","hentry"],"acf":[],"yoast_head":"<!-- This site is optimized with the Yoast SEO plugin v27.5 - https:\/\/yoast.com\/product\/yoast-seo-wordpress\/ -->\n<title>\u041e \u043f\u0440\u0435\u0434\u043f\u0440\u0438\u044f\u0442\u0438\u0438 - Kat-Metal<\/title>\n<meta name=\"robots\" content=\"index, follow, max-snippet:-1, max-image-preview:large, max-video-preview:-1\" \/>\n<link rel=\"canonical\" href=\"https:\/\/katmetal.ee\/ru\/\u043e-\u043f\u0440\u0435\u0434\u043f\u0440\u0438\u044f\u0442\u0438\u0438\/\" \/>\n<meta property=\"og:locale\" content=\"ru_RU\" \/>\n<meta property=\"og:type\" content=\"article\" \/>\n<meta property=\"og:title\" content=\"\u041e \u043f\u0440\u0435\u0434\u043f\u0440\u0438\u044f\u0442\u0438\u0438 - Kat-Metal\" \/>\n<meta property=\"og:url\" content=\"https:\/\/katmetal.ee\/ru\/\u043e-\u043f\u0440\u0435\u0434\u043f\u0440\u0438\u044f\u0442\u0438\u0438\/\" \/>\n<meta property=\"og:site_name\" content=\"Kat-Metal\" \/>\n<meta property=\"article:modified_time\" content=\"2025-05-28T12:30:52+00:00\" \/>\n<meta name=\"twitter:card\" content=\"summary_large_image\" \/>\n<script type=\"application\/ld+json\" class=\"yoast-schema-graph\">{\"@context\":\"https:\\\/\\\/schema.org\",\"@graph\":[{\"@type\":\"WebPage\",\"@id\":\"https:\\\/\\\/katmetal.ee\\\/ru\\\/%d0%be-%d0%bf%d1%80%d0%b5%d0%b4%d0%bf%d1%80%d0%b8%d1%8f%d1%82%d0%b8%d0%b8\\\/\",\"url\":\"https:\\\/\\\/katmetal.ee\\\/ru\\\/%d0%be-%d0%bf%d1%80%d0%b5%d0%b4%d0%bf%d1%80%d0%b8%d1%8f%d1%82%d0%b8%d0%b8\\\/\",\"name\":\"\u041e \u043f\u0440\u0435\u0434\u043f\u0440\u0438\u044f\u0442\u0438\u0438 - Kat-Metal\",\"isPartOf\":{\"@id\":\"https:\\\/\\\/katmetal.ee\\\/#website\"},\"datePublished\":\"2021-03-19T10:55:43+00:00\",\"dateModified\":\"2025-05-28T12:30:52+00:00\",\"breadcrumb\":{\"@id\":\"https:\\\/\\\/katmetal.ee\\\/ru\\\/%d0%be-%d0%bf%d1%80%d0%b5%d0%b4%d0%bf%d1%80%d0%b8%d1%8f%d1%82%d0%b8%d0%b8\\\/#breadcrumb\"},\"inLanguage\":\"ru-RU\",\"potentialAction\":[{\"@type\":\"ReadAction\",\"target\":[\"https:\\\/\\\/katmetal.ee\\\/ru\\\/%d0%be-%d0%bf%d1%80%d0%b5%d0%b4%d0%bf%d1%80%d0%b8%d1%8f%d1%82%d0%b8%d0%b8\\\/\"]}]},{\"@type\":\"BreadcrumbList\",\"@id\":\"https:\\\/\\\/katmetal.ee\\\/ru\\\/%d0%be-%d0%bf%d1%80%d0%b5%d0%b4%d0%bf%d1%80%d0%b8%d1%8f%d1%82%d0%b8%d0%b8\\\/#breadcrumb\",\"itemListElement\":[{\"@type\":\"ListItem\",\"position\":1,\"name\":\"Home\",\"item\":\"https:\\\/\\\/katmetal.ee\\\/ru\\\/\"},{\"@type\":\"ListItem\",\"position\":2,\"name\":\"\u041e \u043f\u0440\u0435\u0434\u043f\u0440\u0438\u044f\u0442\u0438\u0438\"}]},{\"@type\":\"WebSite\",\"@id\":\"https:\\\/\\\/katmetal.ee\\\/#website\",\"url\":\"https:\\\/\\\/katmetal.ee\\\/\",\"name\":\"Kat-Metal\",\"description\":\"V\u00e4\u00e4rismetalle sisaldavate elektroonikaj\u00e4\u00e4tmete kokkuost ning t\u00f6\u00f6tlemine\",\"potentialAction\":[{\"@type\":\"SearchAction\",\"target\":{\"@type\":\"EntryPoint\",\"urlTemplate\":\"https:\\\/\\\/katmetal.ee\\\/?s={search_term_string}\"},\"query-input\":{\"@type\":\"PropertyValueSpecification\",\"valueRequired\":true,\"valueName\":\"search_term_string\"}}],\"inLanguage\":\"ru-RU\"}]}<\/script>\n<!-- \/ Yoast SEO plugin. -->","yoast_head_json":{"title":"\u041e \u043f\u0440\u0435\u0434\u043f\u0440\u0438\u044f\u0442\u0438\u0438 - Kat-Metal","robots":{"index":"index","follow":"follow","max-snippet":"max-snippet:-1","max-image-preview":"max-image-preview:large","max-video-preview":"max-video-preview:-1"},"canonical":"https:\/\/katmetal.ee\/ru\/\u043e-\u043f\u0440\u0435\u0434\u043f\u0440\u0438\u044f\u0442\u0438\u0438\/","og_locale":"ru_RU","og_type":"article","og_title":"\u041e \u043f\u0440\u0435\u0434\u043f\u0440\u0438\u044f\u0442\u0438\u0438 - Kat-Metal","og_url":"https:\/\/katmetal.ee\/ru\/\u043e-\u043f\u0440\u0435\u0434\u043f\u0440\u0438\u044f\u0442\u0438\u0438\/","og_site_name":"Kat-Metal","article_modified_time":"2025-05-28T12:30:52+00:00","twitter_card":"summary_large_image","schema":{"@context":"https:\/\/schema.org","@graph":[{"@type":"WebPage","@id":"https:\/\/katmetal.ee\/ru\/%d0%be-%d0%bf%d1%80%d0%b5%d0%b4%d0%bf%d1%80%d0%b8%d1%8f%d1%82%d0%b8%d0%b8\/","url":"https:\/\/katmetal.ee\/ru\/%d0%be-%d0%bf%d1%80%d0%b5%d0%b4%d0%bf%d1%80%d0%b8%d1%8f%d1%82%d0%b8%d0%b8\/","name":"\u041e \u043f\u0440\u0435\u0434\u043f\u0440\u0438\u044f\u0442\u0438\u0438 - Kat-Metal","isPartOf":{"@id":"https:\/\/katmetal.ee\/#website"},"datePublished":"2021-03-19T10:55:43+00:00","dateModified":"2025-05-28T12:30:52+00:00","breadcrumb":{"@id":"https:\/\/katmetal.ee\/ru\/%d0%be-%d0%bf%d1%80%d0%b5%d0%b4%d0%bf%d1%80%d0%b8%d1%8f%d1%82%d0%b8%d0%b8\/#breadcrumb"},"inLanguage":"ru-RU","potentialAction":[{"@type":"ReadAction","target":["https:\/\/katmetal.ee\/ru\/%d0%be-%d0%bf%d1%80%d0%b5%d0%b4%d0%bf%d1%80%d0%b8%d1%8f%d1%82%d0%b8%d0%b8\/"]}]},{"@type":"BreadcrumbList","@id":"https:\/\/katmetal.ee\/ru\/%d0%be-%d0%bf%d1%80%d0%b5%d0%b4%d0%bf%d1%80%d0%b8%d1%8f%d1%82%d0%b8%d0%b8\/#breadcrumb","itemListElement":[{"@type":"ListItem","position":1,"name":"Home","item":"https:\/\/katmetal.ee\/ru\/"},{"@type":"ListItem","position":2,"name":"\u041e \u043f\u0440\u0435\u0434\u043f\u0440\u0438\u044f\u0442\u0438\u0438"}]},{"@type":"WebSite","@id":"https:\/\/katmetal.ee\/#website","url":"https:\/\/katmetal.ee\/","name":"Kat-Metal","description":"V\u00e4\u00e4rismetalle sisaldavate elektroonikaj\u00e4\u00e4tmete kokkuost ning t\u00f6\u00f6tlemine","potentialAction":[{"@type":"SearchAction","target":{"@type":"EntryPoint","urlTemplate":"https:\/\/katmetal.ee\/?s={search_term_string}"},"query-input":{"@type":"PropertyValueSpecification","valueRequired":true,"valueName":"search_term_string"}}],"inLanguage":"ru-RU"}]}},"_links":{"self":[{"href":"https:\/\/katmetal.ee\/ru\/wp-json\/wp\/v2\/pages\/528","targetHints":{"allow":["GET"]}}],"collection":[{"href":"https:\/\/katmetal.ee\/ru\/wp-json\/wp\/v2\/pages"}],"about":[{"href":"https:\/\/katmetal.ee\/ru\/wp-json\/wp\/v2\/types\/page"}],"author":[{"embeddable":true,"href":"https:\/\/katmetal.ee\/ru\/wp-json\/wp\/v2\/users\/1"}],"replies":[{"embeddable":true,"href":"https:\/\/katmetal.ee\/ru\/wp-json\/wp\/v2\/comments?post=528"}],"version-history":[{"count":0,"href":"https:\/\/katmetal.ee\/ru\/wp-json\/wp\/v2\/pages\/528\/revisions"}],"wp:attachment":[{"href":"https:\/\/katmetal.ee\/ru\/wp-json\/wp\/v2\/media?parent=528"}],"curies":[{"name":"wp","href":"https:\/\/api.w.org\/{rel}","templated":true}]}}